{"id":266,"date":"2019-09-05T18:28:33","date_gmt":"2019-09-05T15:28:33","guid":{"rendered":"https:\/\/demosites.io\/energy-panels\/?page_id=266"},"modified":"2021-12-15T09:25:17","modified_gmt":"2021-12-15T07:25:17","slug":"287ae-linpo-services","status":"publish","type":"page","link":"https:\/\/linpo.fi\/en\/287ae-linpo-services\/","title":{"rendered":"Services"},"content":{"rendered":"<div data-elementor-type=\"wp-post\" data-elementor-id=\"266\" class=\"elementor elementor-266\">\n\t\t\t\t\t\t<section class=\"elementor-section elementor-top-section elementor-element elementor-element-fafd57d elementor-section-boxed elementor-section-height-default elementor-section-height-default\" data-id=\"fafd57d\" data-element_type=\"section\" data-e-type=\"section\">\n\t\t\t\t\t\t\t<div class=\"elementor-background-overlay\"><\/div>\n\t\t\t\t\t\t\t<div class=\"elementor-container elementor-column-gap-default\">\n\t\t\t\t\t<div class=\"elementor-column elementor-col-100 elementor-top-column elementor-element elementor-element-5c64380\" data-id=\"5c64380\" data-element_type=\"column\" data-e-type=\"column\">\n\t\t\t<div class=\"elementor-widget-wrap elementor-element-populated\">\n\t\t\t\t\t\t<div class=\"elementor-element elementor-element-1d15f6e elementor-arrows-position-inside elementor-pagination-position-outside elementor-widget elementor-widget-image-carousel\" data-id=\"1d15f6e\" data-element_type=\"widget\" data-e-type=\"widget\" data-settings=\"{&quot;slides_to_show&quot;:&quot;1&quot;,&quot;navigation&quot;:&quot;both&quot;,&quot;autoplay&quot;:&quot;yes&quot;,&quot;pause_on_hover&quot;:&quot;yes&quot;,&quot;pause_on_interaction&quot;:&quot;yes&quot;,&quot;autoplay_speed&quot;:5000,&quot;infinite&quot;:&quot;yes&quot;,&quot;effect&quot;:&quot;slide&quot;,&quot;speed&quot;:500}\" data-widget_type=\"image-carousel.default\">\n\t\t\t\t<div class=\"elementor-widget-container\">\n\t\t\t\t\t\t\t<div class=\"elementor-image-carousel-wrapper swiper\" role=\"region\" aria-roledescription=\"carousel\" aria-label=\"Kuvakaruselli\" dir=\"ltr\">\n\t\t\t<div class=\"elementor-image-carousel swiper-wrapper\" aria-live=\"off\">\n\t\t\t\t\t\t\t\t<div class=\"swiper-slide\" role=\"group\" aria-roledescription=\"slide\" aria-label=\"1 of 2\"><a data-elementor-open-lightbox=\"yes\" data-elementor-lightbox-slideshow=\"1d15f6e\" data-elementor-lightbox-title=\"Linpo950\" data-e-action-hash=\"#elementor-action%3Aaction%3Dlightbox%26settings%3DeyJpZCI6NjE5LCJ1cmwiOiJodHRwczpcL1wvbGlucG8uZmlcL3dwLWNvbnRlbnRcL3VwbG9hZHNcL3NsaWRlcjJcL0xpbnBvOTUwLmpwZWciLCJzbGlkZXNob3ciOiIxZDE1ZjZlIn0%3D\" href=\"https:\/\/linpo.fi\/wp-content\/uploads\/slider2\/Linpo950.jpeg\"><figure class=\"swiper-slide-inner\"><img decoding=\"async\" class=\"swiper-slide-image\" src=\"https:\/\/linpo.fi\/wp-content\/uploads\/slider2\/Linpo950.jpeg\" alt=\"Linpo950\" \/><\/figure><\/a><\/div><div class=\"swiper-slide\" role=\"group\" aria-roledescription=\"slide\" aria-label=\"2 of 2\"><a data-elementor-open-lightbox=\"yes\" data-elementor-lightbox-slideshow=\"1d15f6e\" data-elementor-lightbox-title=\"LinpoLadontakone950\" data-e-action-hash=\"#elementor-action%3Aaction%3Dlightbox%26settings%3DeyJpZCI6NjIwLCJ1cmwiOiJodHRwczpcL1wvbGlucG8uZmlcL3dwLWNvbnRlbnRcL3VwbG9hZHNcL3NsaWRlcjJcL0xpbnBvTGFkb250YWtvbmU5NTAuanBlZyIsInNsaWRlc2hvdyI6IjFkMTVmNmUifQ%3D%3D\" href=\"https:\/\/linpo.fi\/wp-content\/uploads\/slider2\/LinpoLadontakone950.jpeg\"><figure class=\"swiper-slide-inner\"><img decoding=\"async\" class=\"swiper-slide-image\" src=\"https:\/\/linpo.fi\/wp-content\/uploads\/slider2\/LinpoLadontakone950.jpeg\" alt=\"LinpoLadontakone950\" \/><\/figure><\/a><\/div>\t\t\t<\/div>\n\t\t\t\t\t\t\t\t\t\t\t\t<div class=\"elementor-swiper-button elementor-swiper-button-prev\" role=\"button\" tabindex=\"0\">\n\t\t\t\t\t\t<i aria-hidden=\"true\" class=\"eicon-chevron-left\"><\/i>\t\t\t\t\t<\/div>\n\t\t\t\t\t<div class=\"elementor-swiper-button elementor-swiper-button-next\" role=\"button\" tabindex=\"0\">\n\t\t\t\t\t\t<i aria-hidden=\"true\" class=\"eicon-chevron-right\"><\/i>\t\t\t\t\t<\/div>\n\t\t\t\t\n\t\t\t\t\t\t\t\t\t<div class=\"swiper-pagination\"><\/div>\n\t\t\t\t\t\t\t\t\t<\/div>\n\t\t\t\t\t\t<\/div>\n\t\t\t\t<\/div>\n\t\t\t\t\t<\/div>\n\t\t<\/div>\n\t\t\t\t\t<\/div>\n\t\t<\/section>\n\t\t\t\t<section class=\"elementor-section elementor-top-section elementor-element elementor-element-4e61f7c9 elementor-section-boxed elementor-section-height-default elementor-section-height-default\" data-id=\"4e61f7c9\" data-element_type=\"section\" data-e-type=\"section\" data-settings=\"{&quot;background_background&quot;:&quot;classic&quot;,&quot;shape_divider_top&quot;:&quot;pyramids&quot;}\">\n\t\t\t\t\t<div class=\"elementor-shape elementor-shape-top\" aria-hidden=\"true\" data-negative=\"false\">\n\t\t\t<svg xmlns=\"http:\/\/www.w3.org\/2000\/svg\" viewbox=\"0 0 1000 100\" preserveaspectratio=\"none\">\n\t<path class=\"elementor-shape-fill\" d=\"M761.9,44.1L643.1,27.2L333.8,98L0,3.8V0l1000,0v3.9\"\/>\n<\/svg>\t\t<\/div>\n\t\t\t\t\t<div class=\"elementor-container elementor-column-gap-default\">\n\t\t\t\t\t<div class=\"elementor-column elementor-col-100 elementor-top-column elementor-element elementor-element-6a1ec559\" data-id=\"6a1ec559\" data-element_type=\"column\" data-e-type=\"column\">\n\t\t\t<div class=\"elementor-widget-wrap elementor-element-populated\">\n\t\t\t\t\t\t<section class=\"elementor-section elementor-inner-section elementor-element elementor-element-d6e2f8a elementor-section-boxed elementor-section-height-default elementor-section-height-default\" data-id=\"d6e2f8a\" data-element_type=\"section\" data-e-type=\"section\">\n\t\t\t\t\t\t<div class=\"elementor-container elementor-column-gap-default\">\n\t\t\t\t\t<div class=\"elementor-column elementor-col-50 elementor-inner-column elementor-element elementor-element-cb71d5d\" data-id=\"cb71d5d\" data-element_type=\"column\" data-e-type=\"column\">\n\t\t\t<div class=\"elementor-widget-wrap elementor-element-populated\">\n\t\t\t\t\t\t<div class=\"elementor-element elementor-element-4504c29 elementor-widget elementor-widget-text-editor\" data-id=\"4504c29\" data-element_type=\"widget\" data-e-type=\"widget\" data-widget_type=\"text-editor.default\">\n\t\t\t\t<div class=\"elementor-widget-container\">\n\t\t\t\t\t\t\t\t\t<h2>Electronics and embedded solutions<\/h2>\t\t\t\t\t\t\t\t<\/div>\n\t\t\t\t<\/div>\n\t\t\t\t<div class=\"elementor-element elementor-element-cb457a9 elementor-widget elementor-widget-image\" data-id=\"cb457a9\" data-element_type=\"widget\" data-e-type=\"widget\" data-widget_type=\"image.default\">\n\t\t\t\t<div class=\"elementor-widget-container\">\n\t\t\t\t\t\t\t\t\t\t\t\t\t\t\t\t<a href=\"https:\/\/linpo.fi\/wp-content\/uploads\/2021\/12\/Linpo950-300x111-1.jpg\" data-elementor-open-lightbox=\"yes\" data-elementor-lightbox-title=\"Linpo950-300x111\" data-e-action-hash=\"#elementor-action%3Aaction%3Dlightbox%26settings%3DeyJpZCI6NTg0LCJ1cmwiOiJodHRwczpcL1wvbGlucG8uZmlcL3dwLWNvbnRlbnRcL3VwbG9hZHNcLzIwMjFcLzEyXC9MaW5wbzk1MC0zMDB4MTExLTEuanBnIn0%3D\">\n\t\t\t\t\t\t\t<img decoding=\"async\" width=\"300\" height=\"111\" src=\"https:\/\/linpo.fi\/wp-content\/uploads\/2021\/12\/Linpo950-300x111-1.jpg\" class=\"attachment-medium size-medium wp-image-584\" alt=\"\" srcset=\"https:\/\/linpo.fi\/wp-content\/uploads\/2021\/12\/Linpo950-300x111-1.jpg 300w, https:\/\/linpo.fi\/wp-content\/uploads\/2021\/12\/Linpo950-300x111-1-18x7.jpg 18w\" sizes=\"(max-width: 300px) 100vw, 300px\" \/>\t\t\t\t\t\t\t\t<\/a>\n\t\t\t\t\t\t\t\t\t\t\t\t\t\t\t<\/div>\n\t\t\t\t<\/div>\n\t\t\t\t<div class=\"elementor-element elementor-element-5b54fd8 elementor-widget elementor-widget-text-editor\" data-id=\"5b54fd8\" data-element_type=\"widget\" data-e-type=\"widget\" data-widget_type=\"text-editor.default\">\n\t\t\t\t<div class=\"elementor-widget-container\">\n\t\t\t\t\t\t\t\t\t<p>We manufacture electronics prototypes and pre-production series and do product development for embedded systems.<br \/><br \/>Our electronics manufacturing facility is suitable also for small and medium-sized production series.<br \/><br \/>We manufacture electronic products by contract from parts and components supplied by the customer.<\/p>\t\t\t\t\t\t\t\t<\/div>\n\t\t\t\t<\/div>\n\t\t\t\t\t<\/div>\n\t\t<\/div>\n\t\t\t\t<div class=\"elementor-column elementor-col-50 elementor-inner-column elementor-element elementor-element-c68863b\" data-id=\"c68863b\" data-element_type=\"column\" data-e-type=\"column\">\n\t\t\t<div class=\"elementor-widget-wrap elementor-element-populated\">\n\t\t\t\t\t\t<div class=\"elementor-element elementor-element-cfe6b69 elementor-widget elementor-widget-text-editor\" data-id=\"cfe6b69\" data-element_type=\"widget\" data-e-type=\"widget\" data-widget_type=\"text-editor.default\">\n\t\t\t\t<div class=\"elementor-widget-container\">\n\t\t\t\t\t\t\t\t\t<h2>Service and repairs with custom spares<\/h2>\t\t\t\t\t\t\t\t<\/div>\n\t\t\t\t<\/div>\n\t\t\t\t<div class=\"elementor-element elementor-element-c57086c elementor-widget elementor-widget-image\" data-id=\"c57086c\" data-element_type=\"widget\" data-e-type=\"widget\" data-widget_type=\"image.default\">\n\t\t\t\t<div class=\"elementor-widget-container\">\n\t\t\t\t\t\t\t\t\t\t\t\t\t\t\t\t<a href=\"https:\/\/linpo.fi\/wp-content\/uploads\/2021\/12\/Spektri-300x225-1.jpg\" data-elementor-open-lightbox=\"yes\" data-elementor-lightbox-title=\"Spektri-300x225\" data-e-action-hash=\"#elementor-action%3Aaction%3Dlightbox%26settings%3DeyJpZCI6NjEyLCJ1cmwiOiJodHRwczpcL1wvbGlucG8uZmlcL3dwLWNvbnRlbnRcL3VwbG9hZHNcLzIwMjFcLzEyXC9TcGVrdHJpLTMwMHgyMjUtMS5qcGcifQ%3D%3D\">\n\t\t\t\t\t\t\t<img fetchpriority=\"high\" decoding=\"async\" width=\"300\" height=\"225\" src=\"https:\/\/linpo.fi\/wp-content\/uploads\/2021\/12\/Spektri-300x225-1.jpg\" class=\"attachment-medium size-medium wp-image-612\" alt=\"\" srcset=\"https:\/\/linpo.fi\/wp-content\/uploads\/2021\/12\/Spektri-300x225-1.jpg 300w, https:\/\/linpo.fi\/wp-content\/uploads\/2021\/12\/Spektri-300x225-1-16x12.jpg 16w\" sizes=\"(max-width: 300px) 100vw, 300px\" \/>\t\t\t\t\t\t\t\t<\/a>\n\t\t\t\t\t\t\t\t\t\t\t\t\t\t\t<\/div>\n\t\t\t\t<\/div>\n\t\t\t\t<div class=\"elementor-element elementor-element-a56382d elementor-widget elementor-widget-text-editor\" data-id=\"a56382d\" data-element_type=\"widget\" data-e-type=\"widget\" data-widget_type=\"text-editor.default\">\n\t\t\t\t<div class=\"elementor-widget-container\">\n\t\t\t\t\t\t\t\t\t<p>We provide customer-specific equipment and hardware maintenance and repairs.<br \/><br \/>In our production, we are able to manufacture modern maintenance and spare parts and repairs can be made with modern spare parts comparable to original.<\/p>\t\t\t\t\t\t\t\t<\/div>\n\t\t\t\t<\/div>\n\t\t\t\t\t<\/div>\n\t\t<\/div>\n\t\t\t\t\t<\/div>\n\t\t<\/section>\n\t\t\t\t\t<\/div>\n\t\t<\/div>\n\t\t\t\t\t<\/div>\n\t\t<\/section>\n\t\t\t\t<section class=\"elementor-section elementor-top-section elementor-element elementor-element-22b4b897 elementor-section-boxed elementor-section-height-default elementor-section-height-default\" data-id=\"22b4b897\" data-element_type=\"section\" data-e-type=\"section\" data-settings=\"{&quot;background_background&quot;:&quot;classic&quot;}\">\n\t\t\t\t\t\t<div class=\"elementor-container elementor-column-gap-default\">\n\t\t\t\t\t<div class=\"elementor-column elementor-col-100 elementor-top-column elementor-element elementor-element-44065482\" data-id=\"44065482\" data-element_type=\"column\" data-e-type=\"column\">\n\t\t\t<div class=\"elementor-widget-wrap elementor-element-populated\">\n\t\t\t\t\t\t<section class=\"elementor-section elementor-inner-section elementor-element elementor-element-9be5a79 elementor-section-boxed elementor-section-height-default elementor-section-height-default\" data-id=\"9be5a79\" data-element_type=\"section\" data-e-type=\"section\">\n\t\t\t\t\t\t<div class=\"elementor-container elementor-column-gap-default\">\n\t\t\t\t\t<div class=\"elementor-column elementor-col-66 elementor-inner-column elementor-element elementor-element-f2f74fd\" data-id=\"f2f74fd\" data-element_type=\"column\" data-e-type=\"column\">\n\t\t\t<div class=\"elementor-widget-wrap elementor-element-populated\">\n\t\t\t\t\t\t<div class=\"elementor-element elementor-element-6e65e87 elementor-widget elementor-widget-heading\" data-id=\"6e65e87\" data-element_type=\"widget\" data-e-type=\"widget\" data-widget_type=\"heading.default\">\n\t\t\t\t<div class=\"elementor-widget-container\">\n\t\t\t\t\t<h3 class=\"elementor-heading-title elementor-size-default\">References\n<\/h3>\t\t\t\t<\/div>\n\t\t\t\t<\/div>\n\t\t\t\t<div class=\"elementor-element elementor-element-c39453f elementor-widget elementor-widget-text-editor\" data-id=\"c39453f\" data-element_type=\"widget\" data-e-type=\"widget\" data-widget_type=\"text-editor.default\">\n\t\t\t\t<div class=\"elementor-widget-container\">\n\t\t\t\t\t\t\t\t\t<p>For over twenty years, we have been developing and manufacturing various electronics, programming, mechanical and electromechanical products and solutions for several companies and industry.<\/p>\n<p>We have cooperated with many firms eg. Panphonics, IonppaW, Audience First, Audioriders and Martela<\/p>\t\t\t\t\t\t\t\t<\/div>\n\t\t\t\t<\/div>\n\t\t\t\t\t<\/div>\n\t\t<\/div>\n\t\t\t\t<div class=\"elementor-column elementor-col-33 elementor-inner-column elementor-element elementor-element-4619e65\" data-id=\"4619e65\" data-element_type=\"column\" data-e-type=\"column\">\n\t\t\t<div class=\"elementor-widget-wrap elementor-element-populated\">\n\t\t\t\t\t\t<div class=\"elementor-element elementor-element-5102138 elementor-widget elementor-widget-image-gallery\" data-id=\"5102138\" data-element_type=\"widget\" data-e-type=\"widget\" data-widget_type=\"image-gallery.default\">\n\t\t\t\t<div class=\"elementor-widget-container\">\n\t\t\t\t\t\t\t<div class=\"elementor-image-gallery\">\n\t\t\t<div id='gallery-1' class='gallery galleryid-266 gallery-columns-5 gallery-size-thumbnail'><figure class='gallery-item'>\n\t\t\t<div class='gallery-icon landscape'>\n\t\t\t\t<a data-elementor-open-lightbox=\"yes\" data-elementor-lightbox-slideshow=\"5102138\" data-elementor-lightbox-title=\"Panphonics\" data-e-action-hash=\"#elementor-action%3Aaction%3Dlightbox%26settings%3DeyJpZCI6MzMyLCJ1cmwiOiJodHRwczpcL1wvbGlucG8uZmlcL3dwLWNvbnRlbnRcL3VwbG9hZHNcLzIwMjBcLzA1XC9QYW5waG9uaWNzLnBuZyIsInNsaWRlc2hvdyI6IjUxMDIxMzgifQ%3D%3D\" href='https:\/\/linpo.fi\/wp-content\/uploads\/2020\/05\/Panphonics.png'><img decoding=\"async\" width=\"120\" height=\"120\" src=\"https:\/\/linpo.fi\/wp-content\/uploads\/2020\/05\/Panphonics.png\" class=\"attachment-thumbnail size-thumbnail\" alt=\"\" srcset=\"https:\/\/linpo.fi\/wp-content\/uploads\/2020\/05\/Panphonics.png 120w, https:\/\/linpo.fi\/wp-content\/uploads\/2020\/05\/Panphonics-48x48.png 48w\" sizes=\"(max-width: 120px) 100vw, 120px\" \/><\/a>\n\t\t\t<\/div><\/figure><figure class='gallery-item'>\n\t\t\t<div class='gallery-icon landscape'>\n\t\t\t\t<a data-elementor-open-lightbox=\"yes\" data-elementor-lightbox-slideshow=\"5102138\" data-elementor-lightbox-title=\"Ion\" data-e-action-hash=\"#elementor-action%3Aaction%3Dlightbox%26settings%3DeyJpZCI6MzI3LCJ1cmwiOiJodHRwczpcL1wvbGlucG8uZmlcL3dwLWNvbnRlbnRcL3VwbG9hZHNcLzIwMjBcLzA1XC9Jb24ucG5nIiwic2xpZGVzaG93IjoiNTEwMjEzOCJ9\" href='https:\/\/linpo.fi\/wp-content\/uploads\/2020\/05\/Ion.png'><img loading=\"lazy\" decoding=\"async\" width=\"120\" height=\"120\" src=\"https:\/\/linpo.fi\/wp-content\/uploads\/2020\/05\/Ion.png\" class=\"attachment-thumbnail size-thumbnail\" alt=\"\" srcset=\"https:\/\/linpo.fi\/wp-content\/uploads\/2020\/05\/Ion.png 120w, https:\/\/linpo.fi\/wp-content\/uploads\/2020\/05\/Ion-48x48.png 48w\" sizes=\"(max-width: 120px) 100vw, 120px\" \/><\/a>\n\t\t\t<\/div><\/figure><figure class='gallery-item'>\n\t\t\t<div class='gallery-icon landscape'>\n\t\t\t\t<a data-elementor-open-lightbox=\"yes\" data-elementor-lightbox-slideshow=\"5102138\" data-elementor-lightbox-title=\"Audience-First\" data-e-action-hash=\"#elementor-action%3Aaction%3Dlightbox%26settings%3DeyJpZCI6MzI1LCJ1cmwiOiJodHRwczpcL1wvbGlucG8uZmlcL3dwLWNvbnRlbnRcL3VwbG9hZHNcLzIwMjBcLzA1XC9BdWRpZW5jZS1GaXJzdC5wbmciLCJzbGlkZXNob3ciOiI1MTAyMTM4In0%3D\" href='https:\/\/linpo.fi\/wp-content\/uploads\/2020\/05\/Audience-First.png'><img loading=\"lazy\" decoding=\"async\" width=\"120\" height=\"120\" src=\"https:\/\/linpo.fi\/wp-content\/uploads\/2020\/05\/Audience-First.png\" class=\"attachment-thumbnail size-thumbnail\" alt=\"\" srcset=\"https:\/\/linpo.fi\/wp-content\/uploads\/2020\/05\/Audience-First.png 120w, https:\/\/linpo.fi\/wp-content\/uploads\/2020\/05\/Audience-First-48x48.png 48w\" sizes=\"(max-width: 120px) 100vw, 120px\" \/><\/a>\n\t\t\t<\/div><\/figure><figure class='gallery-item'>\n\t\t\t<div class='gallery-icon landscape'>\n\t\t\t\t<a data-elementor-open-lightbox=\"yes\" data-elementor-lightbox-slideshow=\"5102138\" data-elementor-lightbox-title=\"Audioriders\" data-e-action-hash=\"#elementor-action%3Aaction%3Dlightbox%26settings%3DeyJpZCI6MzI2LCJ1cmwiOiJodHRwczpcL1wvbGlucG8uZmlcL3dwLWNvbnRlbnRcL3VwbG9hZHNcLzIwMjBcLzA1XC9BdWRpb3JpZGVycy5wbmciLCJzbGlkZXNob3ciOiI1MTAyMTM4In0%3D\" href='https:\/\/linpo.fi\/wp-content\/uploads\/2020\/05\/Audioriders.png'><img loading=\"lazy\" decoding=\"async\" width=\"120\" height=\"120\" src=\"https:\/\/linpo.fi\/wp-content\/uploads\/2020\/05\/Audioriders.png\" class=\"attachment-thumbnail size-thumbnail\" alt=\"\" srcset=\"https:\/\/linpo.fi\/wp-content\/uploads\/2020\/05\/Audioriders.png 120w, https:\/\/linpo.fi\/wp-content\/uploads\/2020\/05\/Audioriders-48x48.png 48w\" sizes=\"(max-width: 120px) 100vw, 120px\" \/><\/a>\n\t\t\t<\/div><\/figure><figure class='gallery-item'>\n\t\t\t<div class='gallery-icon landscape'>\n\t\t\t\t<a data-elementor-open-lightbox=\"yes\" data-elementor-lightbox-slideshow=\"5102138\" data-elementor-lightbox-title=\"MartelaEtusivu\" data-e-action-hash=\"#elementor-action%3Aaction%3Dlightbox%26settings%3DeyJpZCI6NTk5LCJ1cmwiOiJodHRwczpcL1wvbGlucG8uZmlcL3dwLWNvbnRlbnRcL3VwbG9hZHNcLzIwMjFcLzEyXC9NYXJ0ZWxhRXR1c2l2dS5wbmciLCJzbGlkZXNob3ciOiI1MTAyMTM4In0%3D\" href='https:\/\/linpo.fi\/wp-content\/uploads\/2021\/12\/MartelaEtusivu.png'><img loading=\"lazy\" decoding=\"async\" width=\"150\" height=\"134\" src=\"https:\/\/linpo.fi\/wp-content\/uploads\/2021\/12\/MartelaEtusivu-150x134.png\" class=\"attachment-thumbnail size-thumbnail\" alt=\"\" \/><\/a>\n\t\t\t<\/div><\/figure>\n\t\t<\/div>\n\t\t<\/div>\n\t\t\t\t\t\t<\/div>\n\t\t\t\t<\/div>\n\t\t\t\t\t<\/div>\n\t\t<\/div>\n\t\t\t\t\t<\/div>\n\t\t<\/section>\n\t\t\t\t\t<\/div>\n\t\t<\/div>\n\t\t\t\t\t<\/div>\n\t\t<\/section>\n\t\t\t\t<section class=\"elementor-section elementor-top-section elementor-element elementor-element-788cf52 elementor-section-boxed elementor-section-height-default elementor-section-height-default\" data-id=\"788cf52\" data-element_type=\"section\" data-e-type=\"section\">\n\t\t\t\t\t\t<div class=\"elementor-container elementor-column-gap-default\">\n\t\t\t\t\t<div class=\"elementor-column elementor-col-100 elementor-top-column elementor-element elementor-element-aa083a1\" data-id=\"aa083a1\" data-element_type=\"column\" data-e-type=\"column\">\n\t\t\t<div class=\"elementor-widget-wrap elementor-element-populated\">\n\t\t\t\t\t\t<div class=\"elementor-element elementor-element-11dadf8 elementor-widget elementor-widget-spacer\" data-id=\"11dadf8\" data-element_type=\"widget\" data-e-type=\"widget\" data-widget_type=\"spacer.default\">\n\t\t\t\t<div class=\"elementor-widget-container\">\n\t\t\t\t\t\t\t<div class=\"elementor-spacer\">\n\t\t\t<div class=\"elementor-spacer-inner\"><\/div>\n\t\t<\/div>\n\t\t\t\t\t\t<\/div>\n\t\t\t\t<\/div>\n\t\t\t\t\t<\/div>\n\t\t<\/div>\n\t\t\t\t\t<\/div>\n\t\t<\/section>\n\t\t\t\t<\/div>","protected":false},"excerpt":{"rendered":"<p>Previous Next Elektroniikka ja sulautetut j\u00e4rjestelm\u00e4t Valmistamme elektroniikan piensarjoja ja teemme tuotekehityst\u00e4 sulautettuihin j\u00e4rjestelmiin. Elektroniikkatuotantomme soveltuu protosarjoista alkaen my\u00f6s pieniin ja keskisuuriin tuotantosarjoihin. Valmistamme elektroniikan tuotteita my\u00f6s asiakkaan toimittamista osista ja komponenteista. Laitehuollot, varaosat ja korjaukset Tarjoamme asiakaskohtaisten laitteiden ja laitteistojen huoltoa ja korjauksia. Tuotannossamme pystymme valmistamaan moderneja huolto- ja varaosia ja korjaukset voidaan tehd\u00e4&hellip;&nbsp;<a href=\"https:\/\/linpo.fi\/en\/287ae-linpo-services\/\" rel=\"bookmark\">Read More &raquo;<span class=\"screen-reader-text\">Services<\/span><\/a><\/p>","protected":false},"author":1,"featured_media":0,"parent":0,"menu_order":0,"comment_status":"closed","ping_status":"closed","template":"elementor_header_footer","meta":{"neve_meta_sidebar":"","neve_meta_container":"","neve_meta_enable_content_width":"off","neve_meta_content_width":0,"neve_meta_title_alignment":"","neve_meta_author_avatar":"","neve_post_elements_order":"","neve_meta_disable_header":"","neve_meta_disable_footer":"","neve_meta_disable_title":"","footnotes":""},"class_list":["post-266","page","type-page","status-publish","hentry"],"_links":{"self":[{"href":"https:\/\/linpo.fi\/en\/wp-json\/wp\/v2\/pages\/266","targetHints":{"allow":["GET"]}}],"collection":[{"href":"https:\/\/linpo.fi\/en\/wp-json\/wp\/v2\/pages"}],"about":[{"href":"https:\/\/linpo.fi\/en\/wp-json\/wp\/v2\/types\/page"}],"author":[{"embeddable":true,"href":"https:\/\/linpo.fi\/en\/wp-json\/wp\/v2\/users\/1"}],"replies":[{"embeddable":true,"href":"https:\/\/linpo.fi\/en\/wp-json\/wp\/v2\/comments?post=266"}],"version-history":[{"count":77,"href":"https:\/\/linpo.fi\/en\/wp-json\/wp\/v2\/pages\/266\/revisions"}],"predecessor-version":[{"id":807,"href":"https:\/\/linpo.fi\/en\/wp-json\/wp\/v2\/pages\/266\/revisions\/807"}],"wp:attachment":[{"href":"https:\/\/linpo.fi\/en\/wp-json\/wp\/v2\/media?parent=266"}],"curies":[{"name":"wp","href":"https:\/\/api.w.org\/{rel}","templated":true}]}}